{"id":93,"date":"2026-01-03T19:12:18","date_gmt":"2026-01-03T19:12:18","guid":{"rendered":"https:\/\/a-zrenov.com\/?page_id=93"},"modified":"2026-04-11T11:24:33","modified_gmt":"2026-04-11T11:24:33","slug":"peinture","status":"publish","type":"page","link":"https:\/\/a-zrenov.com\/?page_id=93","title":{"rendered":"Peinture Int\u00e9rieur"},"content":{"rendered":"\t\t<div data-elementor-type=\"wp-page\" data-elementor-id=\"93\" class=\"elementor elementor-93\" data-elementor-post-type=\"page\">\n\t\t\t\t<div class=\"elementor-element elementor-element-8a87e40 e-transform e-transform e-transform e-transform e-flex e-con-boxed e-con e-parent\" data-id=\"8a87e40\" data-element_type=\"container\" data-e-type=\"container\" data-settings=\"{&quot;background_background&quot;:&quot;slideshow&quot;,&quot;background_slideshow_gallery&quot;:[{&quot;id&quot;:174,&quot;url&quot;:&quot;http:\\\/\\\/a-zrenov.com\\\/wp-content\\\/uploads\\\/2026\\\/04\\\/Capture-decran-2026-04-04-a-12.20.12.png&quot;},{&quot;id&quot;:176,&quot;url&quot;:&quot;http:\\\/\\\/a-zrenov.com\\\/wp-content\\\/uploads\\\/2026\\\/04\\\/Capture-decran-2026-04-04-a-12.20.57.png&quot;},{&quot;id&quot;:186,&quot;url&quot;:&quot;http:\\\/\\\/a-zrenov.com\\\/wp-content\\\/uploads\\\/2026\\\/04\\\/Capture-decran-2026-04-04-a-12.28.34.png&quot;}],&quot;background_slideshow_loop&quot;:&quot;yes&quot;,&quot;background_slideshow_slide_duration&quot;:5000,&quot;background_slideshow_slide_transition&quot;:&quot;fade&quot;,&quot;background_slideshow_transition_duration&quot;:500,&quot;_transform_rotateZ_effect&quot;:{&quot;unit&quot;:&quot;px&quot;,&quot;size&quot;:&quot;&quot;,&quot;sizes&quot;:[]},&quot;_transform_rotateZ_effect_tablet&quot;:{&quot;unit&quot;:&quot;deg&quot;,&quot;size&quot;:&quot;&quot;,&quot;sizes&quot;:[]},&quot;_transform_rotateZ_effect_mobile&quot;:{&quot;unit&quot;:&quot;deg&quot;,&quot;size&quot;:&quot;&quot;,&quot;sizes&quot;:[]},&quot;_transform_translateX_effect&quot;:{&quot;unit&quot;:&quot;px&quot;,&quot;size&quot;:&quot;&quot;,&quot;sizes&quot;:[]},&quot;_transform_translateX_effect_tablet&quot;:{&quot;unit&quot;:&quot;px&quot;,&quot;size&quot;:&quot;&quot;,&quot;sizes&quot;:[]},&quot;_transform_translateX_effect_mobile&quot;:{&quot;unit&quot;:&quot;px&quot;,&quot;size&quot;:&quot;&quot;,&quot;sizes&quot;:[]},&quot;_transform_translateY_effect&quot;:{&quot;unit&quot;:&quot;px&quot;,&quot;size&quot;:&quot;&quot;,&quot;sizes&quot;:[]},&quot;_transform_translateY_effect_tablet&quot;:{&quot;unit&quot;:&quot;px&quot;,&quot;size&quot;:&quot;&quot;,&quot;sizes&quot;:[]},&quot;_transform_translateY_effect_mobile&quot;:{&quot;unit&quot;:&quot;px&quot;,&quot;size&quot;:&quot;&quot;,&quot;sizes&quot;:[]},&quot;_transform_scale_effect&quot;:{&quot;unit&quot;:&quot;px&quot;,&quot;size&quot;:&quot;&quot;,&quot;sizes&quot;:[]},&quot;_transform_scale_effect_tablet&quot;:{&quot;unit&quot;:&quot;px&quot;,&quot;size&quot;:&quot;&quot;,&quot;sizes&quot;:[]},&quot;_transform_scale_effect_mobile&quot;:{&quot;unit&quot;:&quot;px&quot;,&quot;size&quot;:&quot;&quot;,&quot;sizes&quot;:[]},&quot;_transform_skewX_effect&quot;:{&quot;unit&quot;:&quot;px&quot;,&quot;size&quot;:&quot;&quot;,&quot;sizes&quot;:[]},&quot;_transform_skewX_effect_tablet&quot;:{&quot;unit&quot;:&quot;deg&quot;,&quot;size&quot;:&quot;&quot;,&quot;sizes&quot;:[]},&quot;_transform_skewX_effect_mobile&quot;:{&quot;unit&quot;:&quot;deg&quot;,&quot;size&quot;:&quot;&quot;,&quot;sizes&quot;:[]},&quot;_transform_skewY_effect&quot;:{&quot;unit&quot;:&quot;px&quot;,&quot;size&quot;:&quot;&quot;,&quot;sizes&quot;:[]},&quot;_transform_skewY_effect_tablet&quot;:{&quot;unit&quot;:&quot;deg&quot;,&quot;size&quot;:&quot;&quot;,&quot;sizes&quot;:[]},&quot;_transform_skewY_effect_mobile&quot;:{&quot;unit&quot;:&quot;deg&quot;,&quot;size&quot;:&quot;&quot;,&quot;sizes&quot;:[]}}\">\n\t\t\t\t\t<div class=\"e-con-inner\">\n\t\t\t\t<div class=\"elementor-element elementor-element-727cc95 elementor-invisible elementor-widget elementor-widget-heading\" data-id=\"727cc95\" data-element_type=\"widget\" data-e-type=\"widget\" data-settings=\"{&quot;_animation&quot;:&quot;rollIn&quot;,&quot;_animation_delay&quot;:200}\" data-widget_type=\"heading.default\">\n\t\t\t\t\t<h2 class=\"elementor-heading-title elementor-size-default\"><b style=\"font-family: Helvetica;font-size: 20px;text-transform: none\">Des murs sublim\u00e9s, des couleurs qui inspirent.<\/b><br><span style=\"font-family: Helvetica;font-size: 20px;text-transform: none\"><b>Offrez une nouvelle ambiance \u00e0 votre int\u00e9rieur.<\/b><br><\/span><b style=\"font-family: Helvetica;font-size: 20px;text-transform: none\">Apportez style et \u00e9l\u00e9gance \u00e0 vos murs avec une peinture de qualit\u00e9 et des finitions impeccables.<\/b><br><\/h2>\t\t\t\t<\/div>\n\t\t\t\t\t<\/div>\n\t\t\t\t<\/div>\n\t\t<div class=\"elementor-element elementor-element-a970655 e-grid e-con-boxed e-con e-parent\" data-id=\"a970655\" data-element_type=\"container\" data-e-type=\"container\">\n\t\t\t\t\t<div class=\"e-con-inner\">\n\t\t\t\t<div class=\"elementor-element elementor-element-055cb55 elementor-widget elementor-widget-image\" data-id=\"055cb55\" data-element_type=\"widget\" data-e-type=\"widget\" data-widget_type=\"image.default\">\n\t\t\t\t\t\t\t\t\t\t\t\t\t\t\t<img decoding=\"async\" src=\"https:\/\/a-zrenov.com\/wp-content\/uploads\/elementor\/thumbs\/Capture-decran-2026-04-04-a-10.52.47-rli6g7r35a6z69d5lixb0ghawz965gwssncivdeok4.png\" title=\"Capture d\u2019e\u0301cran 2026-04-04 a\u0300 10.52.47\" alt=\"Capture d\u2019e\u0301cran 2026-04-04 a\u0300 10.52.47\" loading=\"lazy\" \/>\t\t\t\t\t\t\t\t\t\t\t\t\t\t\t<\/div>\n\t\t\t\t<div class=\"elementor-element elementor-element-8a21519 elementor-widget elementor-widget-image\" data-id=\"8a21519\" data-element_type=\"widget\" data-e-type=\"widget\" data-widget_type=\"image.default\">\n\t\t\t\t\t\t\t\t\t\t\t\t\t\t\t<img decoding=\"async\" src=\"https:\/\/a-zrenov.com\/wp-content\/uploads\/elementor\/thumbs\/Capture-decran-2026-04-04-a-10.57.00-scaled-rli6fcqevr0ij4m7mnim86b3b9i23ghnodti18oo9g.png\" title=\"Capture d\u2019e\u0301cran 2026-04-04 a\u0300 10.57.00\" alt=\"Capture d\u2019e\u0301cran 2026-04-04 a\u0300 10.57.00\" loading=\"lazy\" \/>\t\t\t\t\t\t\t\t\t\t\t\t\t\t\t<\/div>\n\t\t\t\t<div class=\"elementor-element elementor-element-af8a76f elementor-widget elementor-widget-image\" data-id=\"af8a76f\" data-element_type=\"widget\" data-e-type=\"widget\" data-widget_type=\"image.default\">\n\t\t\t\t\t\t\t\t\t\t\t\t\t\t\t<img decoding=\"async\" src=\"https:\/\/a-zrenov.com\/wp-content\/uploads\/elementor\/thumbs\/IMG_1403-scaled-rlipa15bge2nbcsrmik91evg3qdsrzsnbj1hakehn8.jpeg\" title=\"IMG_1403\" alt=\"IMG_1403\" loading=\"lazy\" \/>\t\t\t\t\t\t\t\t\t\t\t\t\t\t\t<\/div>\n\t\t\t\t<div class=\"elementor-element elementor-element-682329c elementor-widget elementor-widget-image\" data-id=\"682329c\" data-element_type=\"widget\" data-e-type=\"widget\" data-widget_type=\"image.default\">\n\t\t\t\t\t\t\t\t\t\t\t\t\t\t\t<img decoding=\"async\" src=\"https:\/\/a-zrenov.com\/wp-content\/uploads\/elementor\/thumbs\/IMG_2058-scaled-rli6rt3ffq2hxnxxeomvbk82es53ggkcy7u3wf8f9i.jpeg\" title=\"IMG_2058\" alt=\"IMG_2058\" loading=\"lazy\" \/>\t\t\t\t\t\t\t\t\t\t\t\t\t\t\t<\/div>\n\t\t\t\t<div class=\"elementor-element elementor-element-fc99089 elementor-widget elementor-widget-image\" data-id=\"fc99089\" data-element_type=\"widget\" data-e-type=\"widget\" data-widget_type=\"image.default\">\n\t\t\t\t\t\t\t\t\t\t\t\t\t\t\t<img decoding=\"async\" src=\"https:\/\/a-zrenov.com\/wp-content\/uploads\/elementor\/thumbs\/Capture-decran-2026-04-04-a-12.20.57-rlia0wtkvodas8fd3nlewhcax6xd1ktrhmwtc8l6ms.png\" title=\"Capture d\u2019e\u0301cran 2026-04-04 a\u0300 12.20.57\" alt=\"Capture d\u2019e\u0301cran 2026-04-04 a\u0300 12.20.57\" loading=\"lazy\" \/>\t\t\t\t\t\t\t\t\t\t\t\t\t\t\t<\/div>\n\t\t\t\t<div class=\"elementor-element elementor-element-2632535 elementor-widget elementor-widget-image\" data-id=\"2632535\" data-element_type=\"widget\" data-e-type=\"widget\" data-widget_type=\"image.default\">\n\t\t\t\t\t\t\t\t\t\t\t\t\t\t\t<img decoding=\"async\" src=\"https:\/\/a-zrenov.com\/wp-content\/uploads\/elementor\/thumbs\/Capture-decran-2026-04-04-a-12.20.40-rlia0vvqouc0gmgq956sbzkubt1ztvq15i9buymkt0.png\" title=\"Capture d\u2019e\u0301cran 2026-04-04 a\u0300 12.20.40\" alt=\"Capture d\u2019e\u0301cran 2026-04-04 a\u0300 12.20.40\" loading=\"lazy\" \/>\t\t\t\t\t\t\t\t\t\t\t\t\t\t\t<\/div>\n\t\t\t\t\t<\/div>\n\t\t\t\t<\/div>\n\t\t<div class=\"elementor-element elementor-element-e9cf3e0 e-flex e-con-boxed elementor-invisible e-con e-parent\" data-id=\"e9cf3e0\" data-element_type=\"container\" data-e-type=\"container\" data-settings=\"{&quot;animation&quot;:&quot;zoomIn&quot;}\">\n\t\t\t\t\t<div class=\"e-con-inner\">\n\t\t\t\t<div class=\"elementor-element elementor-element-d3669d0 e-transform elementor-invisible elementor-widget elementor-widget-heading\" data-id=\"d3669d0\" data-element_type=\"widget\" data-e-type=\"widget\" data-settings=\"{&quot;_animation&quot;:&quot;fadeInDown&quot;,&quot;_animation_delay&quot;:100,&quot;_transform_rotateZ_effect&quot;:{&quot;unit&quot;:&quot;px&quot;,&quot;size&quot;:&quot;&quot;,&quot;sizes&quot;:[]},&quot;_transform_rotateZ_effect_tablet&quot;:{&quot;unit&quot;:&quot;deg&quot;,&quot;size&quot;:&quot;&quot;,&quot;sizes&quot;:[]},&quot;_transform_rotateZ_effect_mobile&quot;:{&quot;unit&quot;:&quot;deg&quot;,&quot;size&quot;:&quot;&quot;,&quot;sizes&quot;:[]}}\" data-widget_type=\"heading.default\">\n\t\t\t\t\t<h2 class=\"elementor-heading-title elementor-size-default\">Peinture Traditionnelle<br><br>\n            \ud83d\udd8c\ufe0fAcrylique                                       \ud83e\udedfGlyc\u00e9ro         \ud83d\udd8c\ufe0fMat     \ud83e\udedfSatin\u00e9e        \ud83d\udd8c\ufe0fVelours  <\/h2>\t\t\t\t<\/div>\n\t\t\t\t\t<\/div>\n\t\t\t\t<\/div>\n\t\t\t\t<\/div>\n\t\t","protected":false},"excerpt":{"rendered":"<p>Des murs sublim\u00e9s, des couleurs qui inspirent.Offrez une nouvelle ambiance \u00e0 votre int\u00e9rieur.Apportez style et \u00e9l\u00e9gance \u00e0 vos murs avec une peinture de qualit\u00e9 et des finitions impeccables. Peinture Traditionnelle \ud83d\udd8c\ufe0fAcrylique \ud83e\udedfGlyc\u00e9ro \ud83d\udd8c\ufe0fMat \ud83e\udedfSatin\u00e9e \ud83d\udd8c\ufe0fVelours<\/p>\n","protected":false},"author":1,"featured_media":0,"parent":0,"menu_order":0,"comment_status":"closed","ping_status":"closed","template":"","meta":{"footnotes":""},"class_list":["post-93","page","type-page","status-publish","hentry"],"_links":{"self":[{"href":"https:\/\/a-zrenov.com\/index.php?rest_route=\/wp\/v2\/pages\/93","targetHints":{"allow":["GET"]}}],"collection":[{"href":"https:\/\/a-zrenov.com\/index.php?rest_route=\/wp\/v2\/pages"}],"about":[{"href":"https:\/\/a-zrenov.com\/index.php?rest_route=\/wp\/v2\/types\/page"}],"author":[{"embeddable":true,"href":"https:\/\/a-zrenov.com\/index.php?rest_route=\/wp\/v2\/users\/1"}],"replies":[{"embeddable":true,"href":"https:\/\/a-zrenov.com\/index.php?rest_route=%2Fwp%2Fv2%2Fcomments&post=93"}],"version-history":[{"count":5,"href":"https:\/\/a-zrenov.com\/index.php?rest_route=\/wp\/v2\/pages\/93\/revisions"}],"predecessor-version":[{"id":383,"href":"https:\/\/a-zrenov.com\/index.php?rest_route=\/wp\/v2\/pages\/93\/revisions\/383"}],"wp:attachment":[{"href":"https:\/\/a-zrenov.com\/index.php?rest_route=%2Fwp%2Fv2%2Fmedia&parent=93"}],"curies":[{"name":"wp","href":"https:\/\/api.w.org\/{rel}","templated":true}]}}