{"id":151,"date":"2026-04-04T09:58:15","date_gmt":"2026-04-04T09:58:15","guid":{"rendered":"http:\/\/a-zrenov.com\/?page_id=151"},"modified":"2026-04-04T13:49:54","modified_gmt":"2026-04-04T13:49:54","slug":"revetement-de-mur","status":"publish","type":"page","link":"http:\/\/a-zrenov.com\/?page_id=151","title":{"rendered":"Rev\u00eatement de Mur"},"content":{"rendered":"\t\t<div data-elementor-type=\"wp-page\" data-elementor-id=\"151\" class=\"elementor elementor-151\">\n\t\t\t\t<div class=\"elementor-element elementor-element-876628e e-transform e-transform e-flex e-con-boxed e-con e-parent\" data-id=\"876628e\" data-element_type=\"container\" data-settings=\"{&quot;background_background&quot;:&quot;slideshow&quot;,&quot;background_slideshow_gallery&quot;:[{&quot;id&quot;:111,&quot;url&quot;:&quot;http:\\\/\\\/a-zrenov.com\\\/wp-content\\\/uploads\\\/2026\\\/01\\\/19.png&quot;},{&quot;id&quot;:110,&quot;url&quot;:&quot;http:\\\/\\\/a-zrenov.com\\\/wp-content\\\/uploads\\\/2026\\\/01\\\/18.png&quot;},{&quot;id&quot;:153,&quot;url&quot;:&quot;http:\\\/\\\/a-zrenov.com\\\/wp-content\\\/uploads\\\/2026\\\/04\\\/Capture-decran-2026-04-04-a-11.57.32.png&quot;},{&quot;id&quot;:154,&quot;url&quot;:&quot;http:\\\/\\\/a-zrenov.com\\\/wp-content\\\/uploads\\\/2026\\\/04\\\/Capture-decran-2026-04-04-a-11.57.54.png&quot;},{&quot;id&quot;:155,&quot;url&quot;:&quot;http:\\\/\\\/a-zrenov.com\\\/wp-content\\\/uploads\\\/2026\\\/04\\\/Capture-decran-2026-04-04-a-11.59.53.png&quot;}],&quot;animation&quot;:&quot;none&quot;,&quot;background_slideshow_loop&quot;:&quot;yes&quot;,&quot;background_slideshow_slide_duration&quot;:5000,&quot;background_slideshow_slide_transition&quot;:&quot;fade&quot;,&quot;background_slideshow_transition_duration&quot;:500,&quot;_transform_rotateZ_effect&quot;:{&quot;unit&quot;:&quot;px&quot;,&quot;size&quot;:&quot;&quot;,&quot;sizes&quot;:[]},&quot;_transform_rotateZ_effect_tablet&quot;:{&quot;unit&quot;:&quot;deg&quot;,&quot;size&quot;:&quot;&quot;,&quot;sizes&quot;:[]},&quot;_transform_rotateZ_effect_mobile&quot;:{&quot;unit&quot;:&quot;deg&quot;,&quot;size&quot;:&quot;&quot;,&quot;sizes&quot;:[]},&quot;_transform_scale_effect&quot;:{&quot;unit&quot;:&quot;px&quot;,&quot;size&quot;:&quot;&quot;,&quot;sizes&quot;:[]},&quot;_transform_scale_effect_tablet&quot;:{&quot;unit&quot;:&quot;px&quot;,&quot;size&quot;:&quot;&quot;,&quot;sizes&quot;:[]},&quot;_transform_scale_effect_mobile&quot;:{&quot;unit&quot;:&quot;px&quot;,&quot;size&quot;:&quot;&quot;,&quot;sizes&quot;:[]}}\">\n\t\t\t\t\t<div class=\"e-con-inner\">\n\t\t\t\t<div class=\"elementor-element elementor-element-a91aa7e elementor-invisible elementor-widget elementor-widget-heading\" data-id=\"a91aa7e\" data-element_type=\"widget\" data-settings=\"{&quot;_animation&quot;:&quot;rollIn&quot;,&quot;_animation_delay&quot;:200}\" data-widget_type=\"heading.default\">\n\t\t\t\t\t<h2 class=\"elementor-heading-title elementor-size-default\"><b style=\"font-family: Helvetica;font-size: 20px;text-transform: none\"> Transformez vos murs avec des rev\u00eatement de qualit\u00e9, cr\u00e9ant des ambiances uniques et intemporelles\u00a0 <\/b><br><span style=\"font-family: Helvetica;font-size: 20px;text-transform: none\"><b>Apportez une touche de personnalit\u00e9 \u00e0 vos murs avec notre large choix de papiers peints, pour un int\u00e9rieur qui vous ressemble<\/b><br><\/span><b style=\"font-family: Helvetica;font-size: 20px;text-transform: none\"> AZ RENOV vous propose des rev\u00eatements de murs innovants et \u00e9l\u00e9gants, alliant design, qualit\u00e9 et personnalisation, pour cr\u00e9er un int\u00e9rieur qui refl\u00e8te votre personnalit\u00e9 et votre style. <\/b><br><\/h2>\t\t\t\t<\/div>\n\t\t\t\t\t<\/div>\n\t\t\t\t<\/div>\n\t\t<div class=\"elementor-element elementor-element-a584571 e-grid e-con-boxed e-con e-parent\" data-id=\"a584571\" data-element_type=\"container\">\n\t\t\t\t\t<div class=\"e-con-inner\">\n\t\t\t\t<div class=\"elementor-element elementor-element-165953c elementor-widget elementor-widget-image\" data-id=\"165953c\" data-element_type=\"widget\" data-widget_type=\"image.default\">\n\t\t\t\t\t\t\t\t\t\t\t\t\t\t\t<img decoding=\"async\" src=\"http:\/\/a-zrenov.com\/wp-content\/uploads\/elementor\/thumbs\/Capture-decran-2026-04-04-a-11.59.53-rli93tw2cl306ah99ut3nbva9zzb52hulwcmanmzmc.png\" title=\"Capture d\u2019e\u0301cran 2026-04-04 a\u0300 11.59.53\" alt=\"Capture d\u2019e\u0301cran 2026-04-04 a\u0300 11.59.53\" loading=\"lazy\" \/>\t\t\t\t\t\t\t\t\t\t\t\t\t\t\t<\/div>\n\t\t\t\t<div class=\"elementor-element elementor-element-18fdcbe elementor-widget elementor-widget-image\" data-id=\"18fdcbe\" data-element_type=\"widget\" data-widget_type=\"image.default\">\n\t\t\t\t\t\t\t\t\t\t\t\t\t\t\t<img decoding=\"async\" src=\"http:\/\/a-zrenov.com\/wp-content\/uploads\/elementor\/thumbs\/IMG_2053-scaled-rli6rpc2odx52ooeihp5hk44aimo8aip1ie614dgic.jpeg\" title=\"IMG_2053\" alt=\"IMG_2053\" loading=\"lazy\" \/>\t\t\t\t\t\t\t\t\t\t\t\t\t\t\t<\/div>\n\t\t\t\t<div class=\"elementor-element elementor-element-79705b7 elementor-widget elementor-widget-image\" data-id=\"79705b7\" data-element_type=\"widget\" data-widget_type=\"image.default\">\n\t\t\t\t\t\t\t\t\t\t\t\t\t\t\t<img decoding=\"async\" src=\"http:\/\/a-zrenov.com\/wp-content\/uploads\/elementor\/thumbs\/Capture-decran-2026-04-04-a-11.57.32-rli91clebborjc2yra7jkgehue7fttnclmdhpdbe1g.png\" title=\"Capture d\u2019e\u0301cran 2026-04-04 a\u0300 11.57.32\" alt=\"Capture d\u2019e\u0301cran 2026-04-04 a\u0300 11.57.32\" loading=\"lazy\" \/>\t\t\t\t\t\t\t\t\t\t\t\t\t\t\t<\/div>\n\t\t\t\t<div class=\"elementor-element elementor-element-7190cc7 elementor-widget elementor-widget-image\" data-id=\"7190cc7\" data-element_type=\"widget\" data-widget_type=\"image.default\">\n\t\t\t\t\t\t\t\t\t\t\t\t\t\t\t<img decoding=\"async\" src=\"http:\/\/a-zrenov.com\/wp-content\/uploads\/elementor\/thumbs\/Capture-decran-2026-04-04-a-11.57.54-rli91eh2ozrc6k08gb0spfxf15y697ut9vognx8lp0.png\" title=\"Capture d\u2019e\u0301cran 2026-04-04 a\u0300 11.57.54\" alt=\"Capture d\u2019e\u0301cran 2026-04-04 a\u0300 11.57.54\" loading=\"lazy\" \/>\t\t\t\t\t\t\t\t\t\t\t\t\t\t\t<\/div>\n\t\t\t\t<div class=\"elementor-element elementor-element-f86d06a elementor-widget elementor-widget-image\" data-id=\"f86d06a\" data-element_type=\"widget\" data-widget_type=\"image.default\">\n\t\t\t\t\t\t\t\t\t\t\t\t\t\t\t<img decoding=\"async\" src=\"http:\/\/a-zrenov.com\/wp-content\/uploads\/elementor\/thumbs\/IMG_2305-scaled-rli6rxsmdw8pz6c453cslzz9mzgz5kga2o9jcm0wyc.jpeg\" title=\"IMG_2305\" alt=\"IMG_2305\" loading=\"lazy\" \/>\t\t\t\t\t\t\t\t\t\t\t\t\t\t\t<\/div>\n\t\t\t\t<div class=\"elementor-element elementor-element-6658f8e elementor-widget elementor-widget-image\" data-id=\"6658f8e\" data-element_type=\"widget\" data-widget_type=\"image.default\">\n\t\t\t\t\t\t\t\t\t\t\t\t\t\t\t<img decoding=\"async\" src=\"http:\/\/a-zrenov.com\/wp-content\/uploads\/elementor\/thumbs\/Capture-decran-2026-04-04-a-12.07.18-rli9gr66bkrxt9pesxxffkggbq9zz8szdv9yumh42c.png\" title=\"Capture d\u2019e\u0301cran 2026-04-04 a\u0300 12.07.18\" alt=\"Capture d\u2019e\u0301cran 2026-04-04 a\u0300 12.07.18\" loading=\"lazy\" \/>\t\t\t\t\t\t\t\t\t\t\t\t\t\t\t<\/div>\n\t\t\t\t\t<\/div>\n\t\t\t\t<\/div>\n\t\t\t\t<\/div>\n\t\t","protected":false},"excerpt":{"rendered":"<p>Transformez vos murs avec des rev\u00eatement de qualit\u00e9, cr\u00e9ant des ambiances uniques et intemporelles\u00a0 Apportez une touche de personnalit\u00e9 \u00e0 vos murs avec notre large choix de papiers peints, pour un int\u00e9rieur qui vous ressemble AZ RENOV vous propose des rev\u00eatements de murs innovants et \u00e9l\u00e9gants, alliant design, qualit\u00e9 et personnalisation, pour cr\u00e9er un int\u00e9rieur [&hellip;]<\/p>\n","protected":false},"author":1,"featured_media":0,"parent":0,"menu_order":0,"comment_status":"closed","ping_status":"closed","template":"","meta":{"footnotes":""},"class_list":["post-151","page","type-page","status-publish","hentry"],"_links":{"self":[{"href":"http:\/\/a-zrenov.com\/index.php?rest_route=\/wp\/v2\/pages\/151","targetHints":{"allow":["GET"]}}],"collection":[{"href":"http:\/\/a-zrenov.com\/index.php?rest_route=\/wp\/v2\/pages"}],"about":[{"href":"http:\/\/a-zrenov.com\/index.php?rest_route=\/wp\/v2\/types\/page"}],"author":[{"embeddable":true,"href":"http:\/\/a-zrenov.com\/index.php?rest_route=\/wp\/v2\/users\/1"}],"replies":[{"embeddable":true,"href":"http:\/\/a-zrenov.com\/index.php?rest_route=%2Fwp%2Fv2%2Fcomments&post=151"}],"version-history":[{"count":5,"href":"http:\/\/a-zrenov.com\/index.php?rest_route=\/wp\/v2\/pages\/151\/revisions"}],"predecessor-version":[{"id":222,"href":"http:\/\/a-zrenov.com\/index.php?rest_route=\/wp\/v2\/pages\/151\/revisions\/222"}],"wp:attachment":[{"href":"http:\/\/a-zrenov.com\/index.php?rest_route=%2Fwp%2Fv2%2Fmedia&parent=151"}],"curies":[{"name":"wp","href":"https:\/\/api.w.org\/{rel}","templated":true}]}}